{"id":23,"date":"2024-03-25T15:47:22","date_gmt":"2024-03-25T15:47:22","guid":{"rendered":"https:\/\/www.migoggauss.dk\/blog\/?page_id=23"},"modified":"2024-08-18T16:55:12","modified_gmt":"2024-08-18T16:55:12","slug":"about","status":"publish","type":"page","link":"https:\/\/www.migoggauss.dk\/blog\/about","title":{"rendered":"Om Siden"},"content":{"rendered":"\n<p>Denne blog er til for, at:<\/p>\n\n\n\n<ul class=\"wp-block-list\">\n<li>Jeg kan n\u00f8rde lidt om Gauss<\/li>\n\n\n\n<li>Man kan f\u00f8lge med i ovenst\u00e5ende<\/li>\n\n\n\n<li>Jeg f\u00e5r en mulighed for at r\u00e5be ud i cyberspace<\/li>\n\n\n\n<li>Jeg kan l\u00e6re at lave hjemmesider<\/li>\n<\/ul>\n\n\n\n<p>Der er 4 kategorier i toppen af siden. De fire kategorier fordeler opslagene s\u00e5ledes:<\/p>\n\n\n\n<ul class=\"wp-block-list\">\n<li>Mig: Opslag, der handler om ting, jeg foretager mig. Det kunne v\u00e6re oplevelser, gode b\u00f8ger, opn\u00e5ede milesten, osv.<\/li>\n\n\n\n<li>Gauss: Opslag, der handler om Gauss og hans arbejde. Det kunne v\u00e6re noget med hvordan hans matematik spiller ind i vores hverdag fra det store kosmos til hvordan vi spiser pizza, eller hvad hans andet arbejde ellers har betydet og endnu betyder for os i dag.<\/li>\n\n\n\n<li>Mig og Gauss: Opslag, der handler om mig, der oplever noget med Gauss. Det kunne v\u00e6re noget med at melde mig ind i Gauss-Gesellschaft, ser nogle af de steder, han har arbejdet eller boet, osv.<\/li>\n\n\n\n<li>Meta: Opslag, der handler om siden her. Jeg ved ikke, hvad det skulle v\u00e6re, men det kunne v\u00e6re, at det blev relevant en dag.<\/li>\n<\/ul>\n","protected":false},"excerpt":{"rendered":"<p>Denne blog er til for, at: Der er 4 kategorier i toppen af siden. De fire kategorier fordeler opslagene s\u00e5ledes:<\/p>\n","protected":false},"author":1,"featured_media":0,"parent":0,"menu_order":0,"comment_status":"closed","ping_status":"closed","template":"","meta":{"footnotes":""},"class_list":["post-23","page","type-page","status-publish","hentry"],"_links":{"self":[{"href":"https:\/\/www.migoggauss.dk\/blog\/wp-json\/wp\/v2\/pages\/23","targetHints":{"allow":["GET"]}}],"collection":[{"href":"https:\/\/www.migoggauss.dk\/blog\/wp-json\/wp\/v2\/pages"}],"about":[{"href":"https:\/\/www.migoggauss.dk\/blog\/wp-json\/wp\/v2\/types\/page"}],"author":[{"embeddable":true,"href":"https:\/\/www.migoggauss.dk\/blog\/wp-json\/wp\/v2\/users\/1"}],"replies":[{"embeddable":true,"href":"https:\/\/www.migoggauss.dk\/blog\/wp-json\/wp\/v2\/comments?post=23"}],"version-history":[{"count":5,"href":"https:\/\/www.migoggauss.dk\/blog\/wp-json\/wp\/v2\/pages\/23\/revisions"}],"predecessor-version":[{"id":129,"href":"https:\/\/www.migoggauss.dk\/blog\/wp-json\/wp\/v2\/pages\/23\/revisions\/129"}],"wp:attachment":[{"href":"https:\/\/www.migoggauss.dk\/blog\/wp-json\/wp\/v2\/media?parent=23"}],"curies":[{"name":"wp","href":"https:\/\/api.w.org\/{rel}","templated":true}]}}